{"id":4801,"date":"2018-08-14T15:03:09","date_gmt":"2018-08-14T13:03:09","guid":{"rendered":"https:\/\/apex-riggingschule.de\/imprint\/"},"modified":"2025-06-03T14:26:37","modified_gmt":"2025-06-03T12:26:37","slug":"imprint","status":"publish","type":"page","link":"https:\/\/apex-riggingschule.de\/en\/imprint\/","title":{"rendered":"Imprint"},"content":{"rendered":"\t\t<div data-elementor-type=\"wp-post\" data-elementor-id=\"4801\" class=\"elementor elementor-4801 elementor-7\" data-elementor-post-type=\"page\">\n\t\t\t\t\t\t<section class=\"elementor-section elementor-top-section elementor-element elementor-element-920d53b elementor-section-height-min-height elementor-section-boxed elementor-section-height-default elementor-section-items-middle\" data-id=\"920d53b\" data-element_type=\"section\" data-settings=\"{&quot;background_background&quot;:&quot;classic&quot;}\">\n\t\t\t\t\t\t<div class=\"elementor-container elementor-column-gap-default\">\n\t\t\t\t\t<div class=\"elementor-column elementor-col-100 elementor-top-column elementor-element elementor-element-639d33b\" data-id=\"639d33b\" data-element_type=\"column\">\n\t\t\t<div class=\"elementor-widget-wrap\">\n\t\t\t\t\t\t\t<\/div>\n\t\t<\/div>\n\t\t\t\t\t<\/div>\n\t\t<\/section>\n\t\t\t\t<section class=\"elementor-section elementor-top-section elementor-element elementor-element-6819835 elementor-section-boxed elementor-section-height-default elementor-section-height-default\" data-id=\"6819835\" data-element_type=\"section\">\n\t\t\t\t\t\t<div class=\"elementor-container elementor-column-gap-default\">\n\t\t\t\t\t<div class=\"elementor-column elementor-col-100 elementor-top-column elementor-element elementor-element-ff5f02a\" data-id=\"ff5f02a\" data-element_type=\"column\">\n\t\t\t<div class=\"elementor-widget-wrap elementor-element-populated\">\n\t\t\t\t\t\t<div class=\"elementor-element elementor-element-2684b25 elementor-widget elementor-widget-heading\" data-id=\"2684b25\" data-element_type=\"widget\" data-widget_type=\"heading.default\">\n\t\t\t\t<div class=\"elementor-widget-container\">\n\t\t\t\t\t<h1 class=\"elementor-heading-title elementor-size-default\">Imprint<\/h1>\t\t\t\t<\/div>\n\t\t\t\t<\/div>\n\t\t\t\t<div class=\"elementor-element elementor-element-641e472 elementor-widget elementor-widget-text-editor\" data-id=\"641e472\" data-element_type=\"widget\" data-widget_type=\"text-editor.default\">\n\t\t\t\t<div class=\"elementor-widget-container\">\n\t\t\t\t\t\t\t\t\t<p>Sabine H\u00f6\u00dfel | APEX Rigging School<\/p><p>Schweinfurter Stra\u00dfe 28<br>D-97076 W\u00fcrzburg<\/p><p>Werner-von-Siemens-Stra\u00dfe 69<br>D-97076 W\u00fcrzburg<\/p><p>Phone: 0931 45 28 67 10<br>Fax: 0931 45 28 67 13<br>Email: <a href=\"mailto:info@apex-riggingschule.de\">info@apex-riggingschule.de<\/a><ins><\/ins><\/p><p>VAT ID No.: DE 229 476 820<br>Place of jurisdiction: W\u00fcrzburg<br>Owner: Sabine H\u00f6\u00dfel<br>Competent chamber: IHK W\u00fcrzburg D<\/p>\t\t\t\t\t\t\t\t<\/div>\n\t\t\t\t<\/div>\n\t\t\t\t<div class=\"elementor-element elementor-element-e41f449 elementor-widget elementor-widget-heading\" data-id=\"e41f449\" data-element_type=\"widget\" data-widget_type=\"heading.default\">\n\t\t\t\t<div class=\"elementor-widget-container\">\n\t\t\t\t\t<h2 class=\"elementor-heading-title elementor-size-default\">Disclaimer<\/h2>\t\t\t\t<\/div>\n\t\t\t\t<\/div>\n\t\t\t\t<div class=\"elementor-element elementor-element-2023145 elementor-widget elementor-widget-text-editor\" data-id=\"2023145\" data-element_type=\"widget\" data-widget_type=\"text-editor.default\">\n\t\t\t\t<div class=\"elementor-widget-container\">\n\t\t\t\t\t\t\t\t\t<p>The information on the apex riggingschule website has been carefully checked.<br>However, no guarantee can be given for its completeness or accuracy,<br>nor can any liability be accepted for the use of these pages or their content.<\/p><p>In particular, no liability can be accepted for the content of externally linked websites.<br>We have no influence on the content of recommended links and therefore accept no responsibility of any kind!<\/p>\t\t\t\t\t\t\t\t<\/div>\n\t\t\t\t<\/div>\n\t\t\t\t<div class=\"elementor-element elementor-element-3502eb5 elementor-widget elementor-widget-heading\" data-id=\"3502eb5\" data-element_type=\"widget\" data-widget_type=\"heading.default\">\n\t\t\t\t<div class=\"elementor-widget-container\">\n\t\t\t\t\t<h2 class=\"elementor-heading-title elementor-size-default\">Image rights<\/h2>\t\t\t\t<\/div>\n\t\t\t\t<\/div>\n\t\t\t\t<div class=\"elementor-element elementor-element-35e5dfc elementor-widget elementor-widget-text-editor\" data-id=\"35e5dfc\" data-element_type=\"widget\" data-widget_type=\"text-editor.default\">\n\t\t\t\t<div class=\"elementor-widget-container\">\n\t\t\t\t\t\t\t\t\tAll image rights reserved by Sabine H\u00f6\u00dfel | APEX Rigging School  <\/p>\n\n<h2>Design and technical implementation<\/h2>\n<p><strong>Leadpeak GmbH<\/strong><\/p>\n<p>Managing directors authorized to represent the company:<br> Reemt Windmann, Norma Jeising<\/p>\n<p>Magdalene Schoch Stra\u00dfe 5<br> 97074 W\u00fcrzburg<\/p>\n<p>Telephone number: 0931 80 99 88 99<\/p>\n<p>Email: <a href=\"mailto:info@leadpeak.me\">info@leadpeak.me<\/a><\/p>\n<p>Website: <a href=\"http:\/\/www.leadpeak.me\" target=\"_blank\">www.leadpeak.me<\/a><\/p>\t\t\t\t\t\t\t\t<\/div>\n\t\t\t\t<\/div>\n\t\t\t\t\t<\/div>\n\t\t<\/div>\n\t\t\t\t\t<\/div>\n\t\t<\/section>\n\t\t\t\t<\/div>\n\t\t","protected":false},"excerpt":{"rendered":"<p>Imprint Sabine H\u00f6\u00dfel | APEX Rigging School Schweinfurter Stra\u00dfe 28D-97076 W\u00fcrzburg Werner-von-Siemens-Stra\u00dfe 69D-97076 W\u00fcrzburg Phone: 0931 45 28 67 10Fax: 0931 45 28 67 13Email: info@apex-riggingschule.de VAT ID No.: DE 229 476 820Place of jurisdiction: W\u00fcrzburgOwner: Sabine H\u00f6\u00dfelCompetent chamber: IHK W\u00fcrzburg D Disclaimer The information on the apex riggingschule website has been carefully checked.However, no [&hellip;]<\/p>\n","protected":false},"author":2,"featured_media":0,"parent":0,"menu_order":0,"comment_status":"closed","ping_status":"closed","template":"","meta":{"footnotes":""},"class_list":["post-4801","page","type-page","status-publish","hentry"],"yoast_head":"<!-- This site is optimized with the Yoast SEO plugin v26.2 - https:\/\/yoast.com\/wordpress\/plugins\/seo\/ -->\n<title>Imprint - Apex Rigging School<\/title>\n<meta name=\"robots\" content=\"noindex, follow\" \/>\n<meta property=\"og:locale\" content=\"en_US\" \/>\n<meta property=\"og:type\" content=\"article\" \/>\n<meta property=\"og:title\" content=\"Imprint - Apex Rigging School\" \/>\n<meta property=\"og:description\" content=\"Imprint Sabine H\u00f6\u00dfel | APEX Rigging School Schweinfurter Stra\u00dfe 28D-97076 W\u00fcrzburg Werner-von-Siemens-Stra\u00dfe 69D-97076 W\u00fcrzburg Phone: 0931 45 28 67 10Fax: 0931 45 28 67 13Email: info@apex-riggingschule.de VAT ID No.: DE 229 476 820Place of jurisdiction: W\u00fcrzburgOwner: Sabine H\u00f6\u00dfelCompetent chamber: IHK W\u00fcrzburg D Disclaimer The information on the apex riggingschule website has been carefully checked.However, no [&hellip;]\" \/>\n<meta property=\"og:url\" content=\"https:\/\/apex-riggingschule.de\/en\/imprint\/\" \/>\n<meta property=\"og:site_name\" content=\"Apex Rigging School\" \/>\n<meta property=\"article:modified_time\" content=\"2025-06-03T12:26:37+00:00\" \/>\n<meta name=\"twitter:card\" content=\"summary_large_image\" \/>\n<meta name=\"twitter:label1\" content=\"Est. reading time\" \/>\n\t<meta name=\"twitter:data1\" content=\"1 minute\" \/>\n<script type=\"application\/ld+json\" class=\"yoast-schema-graph\">{\"@context\":\"https:\/\/schema.org\",\"@graph\":[{\"@type\":\"WebPage\",\"@id\":\"https:\/\/apex-riggingschule.de\/en\/imprint\/\",\"url\":\"https:\/\/apex-riggingschule.de\/en\/imprint\/\",\"name\":\"Imprint - Apex Rigging School\",\"isPartOf\":{\"@id\":\"https:\/\/apex-riggingschule.de\/en\/#website\"},\"datePublished\":\"2018-08-14T13:03:09+00:00\",\"dateModified\":\"2025-06-03T12:26:37+00:00\",\"breadcrumb\":{\"@id\":\"https:\/\/apex-riggingschule.de\/en\/imprint\/#breadcrumb\"},\"inLanguage\":\"en-US\",\"potentialAction\":[{\"@type\":\"ReadAction\",\"target\":[\"https:\/\/apex-riggingschule.de\/en\/imprint\/\"]}]},{\"@type\":\"BreadcrumbList\",\"@id\":\"https:\/\/apex-riggingschule.de\/en\/imprint\/#breadcrumb\",\"itemListElement\":[{\"@type\":\"ListItem\",\"position\":1,\"name\":\"Home page\",\"item\":\"https:\/\/apex-riggingschule.de\/en\/home-2\/\"},{\"@type\":\"ListItem\",\"position\":2,\"name\":\"Imprint\"}]},{\"@type\":\"WebSite\",\"@id\":\"https:\/\/apex-riggingschule.de\/en\/#website\",\"url\":\"https:\/\/apex-riggingschule.de\/en\/\",\"name\":\"Apex Rigging School\",\"description\":\"\",\"publisher\":{\"@id\":\"https:\/\/apex-riggingschule.de\/en\/#organization\"},\"potentialAction\":[{\"@type\":\"SearchAction\",\"target\":{\"@type\":\"EntryPoint\",\"urlTemplate\":\"https:\/\/apex-riggingschule.de\/en\/?s={search_term_string}\"},\"query-input\":{\"@type\":\"PropertyValueSpecification\",\"valueRequired\":true,\"valueName\":\"search_term_string\"}}],\"inLanguage\":\"en-US\"},{\"@type\":\"Organization\",\"@id\":\"https:\/\/apex-riggingschule.de\/en\/#organization\",\"name\":\"Apex Rigging School\",\"url\":\"https:\/\/apex-riggingschule.de\/en\/\",\"logo\":{\"@type\":\"ImageObject\",\"inLanguage\":\"en-US\",\"@id\":\"https:\/\/apex-riggingschule.de\/en\/#\/schema\/logo\/image\/\",\"url\":\"https:\/\/apex-riggingschule.de\/wp-content\/uploads\/2022\/04\/ApexLogo.png\",\"contentUrl\":\"https:\/\/apex-riggingschule.de\/wp-content\/uploads\/2022\/04\/ApexLogo.png\",\"width\":561,\"height\":169,\"caption\":\"Apex Rigging School\"},\"image\":{\"@id\":\"https:\/\/apex-riggingschule.de\/en\/#\/schema\/logo\/image\/\"}}]}<\/script>\n<!-- \/ Yoast SEO plugin. -->","yoast_head_json":{"title":"Imprint - Apex Rigging School","robots":{"index":"noindex","follow":"follow"},"og_locale":"en_US","og_type":"article","og_title":"Imprint - Apex Rigging School","og_description":"Imprint Sabine H\u00f6\u00dfel | APEX Rigging School Schweinfurter Stra\u00dfe 28D-97076 W\u00fcrzburg Werner-von-Siemens-Stra\u00dfe 69D-97076 W\u00fcrzburg Phone: 0931 45 28 67 10Fax: 0931 45 28 67 13Email: info@apex-riggingschule.de VAT ID No.: DE 229 476 820Place of jurisdiction: W\u00fcrzburgOwner: Sabine H\u00f6\u00dfelCompetent chamber: IHK W\u00fcrzburg D Disclaimer The information on the apex riggingschule website has been carefully checked.However, no [&hellip;]","og_url":"https:\/\/apex-riggingschule.de\/en\/imprint\/","og_site_name":"Apex Rigging School","article_modified_time":"2025-06-03T12:26:37+00:00","twitter_card":"summary_large_image","twitter_misc":{"Est. reading time":"1 minute"},"schema":{"@context":"https:\/\/schema.org","@graph":[{"@type":"WebPage","@id":"https:\/\/apex-riggingschule.de\/en\/imprint\/","url":"https:\/\/apex-riggingschule.de\/en\/imprint\/","name":"Imprint - Apex Rigging School","isPartOf":{"@id":"https:\/\/apex-riggingschule.de\/en\/#website"},"datePublished":"2018-08-14T13:03:09+00:00","dateModified":"2025-06-03T12:26:37+00:00","breadcrumb":{"@id":"https:\/\/apex-riggingschule.de\/en\/imprint\/#breadcrumb"},"inLanguage":"en-US","potentialAction":[{"@type":"ReadAction","target":["https:\/\/apex-riggingschule.de\/en\/imprint\/"]}]},{"@type":"BreadcrumbList","@id":"https:\/\/apex-riggingschule.de\/en\/imprint\/#breadcrumb","itemListElement":[{"@type":"ListItem","position":1,"name":"Home page","item":"https:\/\/apex-riggingschule.de\/en\/home-2\/"},{"@type":"ListItem","position":2,"name":"Imprint"}]},{"@type":"WebSite","@id":"https:\/\/apex-riggingschule.de\/en\/#website","url":"https:\/\/apex-riggingschule.de\/en\/","name":"Apex Rigging School","description":"","publisher":{"@id":"https:\/\/apex-riggingschule.de\/en\/#organization"},"potentialAction":[{"@type":"SearchAction","target":{"@type":"EntryPoint","urlTemplate":"https:\/\/apex-riggingschule.de\/en\/?s={search_term_string}"},"query-input":{"@type":"PropertyValueSpecification","valueRequired":true,"valueName":"search_term_string"}}],"inLanguage":"en-US"},{"@type":"Organization","@id":"https:\/\/apex-riggingschule.de\/en\/#organization","name":"Apex Rigging School","url":"https:\/\/apex-riggingschule.de\/en\/","logo":{"@type":"ImageObject","inLanguage":"en-US","@id":"https:\/\/apex-riggingschule.de\/en\/#\/schema\/logo\/image\/","url":"https:\/\/apex-riggingschule.de\/wp-content\/uploads\/2022\/04\/ApexLogo.png","contentUrl":"https:\/\/apex-riggingschule.de\/wp-content\/uploads\/2022\/04\/ApexLogo.png","width":561,"height":169,"caption":"Apex Rigging School"},"image":{"@id":"https:\/\/apex-riggingschule.de\/en\/#\/schema\/logo\/image\/"}}]}},"_links":{"self":[{"href":"https:\/\/apex-riggingschule.de\/en\/wp-json\/wp\/v2\/pages\/4801","targetHints":{"allow":["GET"]}}],"collection":[{"href":"https:\/\/apex-riggingschule.de\/en\/wp-json\/wp\/v2\/pages"}],"about":[{"href":"https:\/\/apex-riggingschule.de\/en\/wp-json\/wp\/v2\/types\/page"}],"author":[{"embeddable":true,"href":"https:\/\/apex-riggingschule.de\/en\/wp-json\/wp\/v2\/users\/2"}],"replies":[{"embeddable":true,"href":"https:\/\/apex-riggingschule.de\/en\/wp-json\/wp\/v2\/comments?post=4801"}],"version-history":[{"count":1,"href":"https:\/\/apex-riggingschule.de\/en\/wp-json\/wp\/v2\/pages\/4801\/revisions"}],"predecessor-version":[{"id":4803,"href":"https:\/\/apex-riggingschule.de\/en\/wp-json\/wp\/v2\/pages\/4801\/revisions\/4803"}],"wp:attachment":[{"href":"https:\/\/apex-riggingschule.de\/en\/wp-json\/wp\/v2\/media?parent=4801"}],"curies":[{"name":"wp","href":"https:\/\/api.w.org\/{rel}","templated":true}]}}